{"id":1633,"date":"2025-04-09T16:50:04","date_gmt":"2025-04-09T16:50:04","guid":{"rendered":"http:\/\/arealco.de\/?page_id=1633"},"modified":"2025-05-08T08:48:46","modified_gmt":"2025-05-08T08:48:46","slug":"fur-eigentumer","status":"publish","type":"page","link":"https:\/\/arealco.de\/index.php\/fur-eigentumer\/","title":{"rendered":"F\u00fcr Eigent\u00fcmer"},"content":{"rendered":"\t\t<div data-elementor-type=\"wp-page\" data-elementor-id=\"1633\" class=\"elementor elementor-1633\" data-elementor-post-type=\"page\">\n\t\t\t\t\t\t<section class=\"elementor-section elementor-top-section elementor-element elementor-element-69cc66ad elementor-section-stretched elementor-section-content-middle elementor-section-full_width elementor-section-height-default elementor-section-height-default\" data-id=\"69cc66ad\" data-element_type=\"section\" data-settings=\"{&quot;stretch_section&quot;:&quot;section-stretched&quot;}\">\n\t\t\t\t\t\t<div class=\"elementor-container elementor-column-gap-custom\">\n\t\t\t\t\t<div class=\"elementor-column elementor-col-50 elementor-top-column elementor-element elementor-element-28428115 elementor-hidden-mobile\" data-id=\"28428115\" data-element_type=\"column\" data-settings=\"{&quot;background_background&quot;:&quot;classic&quot;}\">\n\t\t\t<div class=\"elementor-widget-wrap elementor-element-populated\">\n\t\t\t\t\t\t<div class=\"elementor-element elementor-element-2b74b4e8 elementor-widget elementor-widget-spacer\" data-id=\"2b74b4e8\" data-element_type=\"widget\" data-widget_type=\"spacer.default\">\n\t\t\t\t<div class=\"elementor-widget-container\">\n\t\t\t\t\t\t\t<div class=\"elementor-spacer\">\n\t\t\t<div class=\"elementor-spacer-inner\"><\/div>\n\t\t<\/div>\n\t\t\t\t\t\t<\/div>\n\t\t\t\t<\/div>\n\t\t\t\t\t<\/div>\n\t\t<\/div>\n\t\t\t\t<div class=\"elementor-column elementor-col-50 elementor-top-column elementor-element elementor-element-16115bf8\" data-id=\"16115bf8\" data-element_type=\"column\" data-settings=\"{&quot;background_background&quot;:&quot;classic&quot;}\">\n\t\t\t<div class=\"elementor-widget-wrap elementor-element-populated\">\n\t\t\t\t\t\t<div class=\"elementor-element elementor-element-19699104 elementor-widget elementor-widget-heading\" data-id=\"19699104\" data-element_type=\"widget\" data-widget_type=\"heading.default\">\n\t\t\t\t<div class=\"elementor-widget-container\">\n\t\t\t\t\t<h2 class=\"elementor-heading-title elementor-size-default\">Arealco e.K.<\/h2>\t\t\t\t<\/div>\n\t\t\t\t<\/div>\n\t\t\t\t<div class=\"elementor-element elementor-element-302bfe8e elementor-align-left elementor-widget elementor-widget-etheme_advanced_headline\" data-id=\"302bfe8e\" data-element_type=\"widget\" data-widget_type=\"etheme_advanced_headline.default\">\n\t\t\t\t<div class=\"elementor-widget-container\">\n\t\t\t\t\t        \r\n        <div class=\"etheme-a-h-wrapper\">\r\n        \r\n            \r\n        <h2 class=\"etheme-advanced-headline\">\r\n\r\n            Sie profitieren von unseren<span class=\"etheme-a-h-text\">Service<\/span>\r\n                \r\n        <\/h2>\r\n\t\t\r\n                    \r\n        <\/div>\r\n        \r\n\t\t\t\t\t\t<\/div>\n\t\t\t\t<\/div>\n\t\t\t\t<div class=\"elementor-element elementor-element-5c73670 elementor-widget elementor-widget-text-editor\" data-id=\"5c73670\" data-element_type=\"widget\" data-widget_type=\"text-editor.default\">\n\t\t\t\t<div class=\"elementor-widget-container\">\n\t\t\t\t\t\t\t\t\t<div>Sie wollen mit Ihrem Immobilieneigentum zeit- und kosteneffizient optimalen Profit erwirtschaften? All dies unter einen Hut zu bringen, erweist sich regelm\u00e4\u00dfig als ein au\u00dferordentlich aufw\u00e4ndiges Unterfangen. Einbu\u00dfen bei Zeit, Kosten oder Profit sind dabei kaum zu vermeiden, oder doch?<\/div><div>\u00a0<\/div><div>\u00a0<\/div><p>Wir haben es uns zur Aufgabe gemacht, unseren Service genau an Ihrem Bed\u00fcrfnis nach dem Optimumfaktor, auszurichten. Wir k\u00f6nnen keine Blitzvermittlung garantieren, aber unsere Erfolgsbilanz und die Zufriedenheit unserer Kunden best\u00e4tigen, dass sich unser Leistungspaket bis heute bei der Vermittlung von Privat- und Gewerbeimmobilien hinreichend bew\u00e4hrt hat. Weitere Informationen erhalten Sie \u00fcber unser<\/p>\t\t\t\t\t\t\t\t<\/div>\n\t\t\t\t<\/div>\n\t\t\t\t<div class=\"elementor-element elementor-element-51f4a9b2 elementor-widget elementor-widget-text_button\" data-id=\"51f4a9b2\" data-element_type=\"widget\" data-widget_type=\"text_button.default\">\n\t\t\t\t<div class=\"elementor-widget-container\">\n\t\t\t\t\t<span class=\"etheme-ajaxify-lazy-wrapper etheme-ajaxify-replace\" data-type=\"elementor\" data-request=\"WyJlbGVtZW50b3IiLDE2MzMsImRjZTQ1MDRiIl0=\"><\/span>\t\t\t\t<\/div>\n\t\t\t\t<\/div>\n\t\t\t\t\t<\/div>\n\t\t<\/div>\n\t\t\t\t\t<\/div>\n\t\t<\/section>\n\t\t\t\t<\/div>\n\t\t","protected":false},"excerpt":{"rendered":"<p>Arealco e.K. Sie profitieren von unserenService Sie wollen mit Ihrem Immobilieneigentum zeit- und&#8230;<\/p>\n","protected":false},"author":1,"featured_media":0,"parent":0,"menu_order":0,"comment_status":"closed","ping_status":"closed","template":"","meta":{"footnotes":""},"class_list":["post-1633","page","type-page","status-publish","hentry"],"_links":{"self":[{"href":"https:\/\/arealco.de\/index.php\/wp-json\/wp\/v2\/pages\/1633","targetHints":{"allow":["GET"]}}],"collection":[{"href":"https:\/\/arealco.de\/index.php\/wp-json\/wp\/v2\/pages"}],"about":[{"href":"https:\/\/arealco.de\/index.php\/wp-json\/wp\/v2\/types\/page"}],"author":[{"embeddable":true,"href":"https:\/\/arealco.de\/index.php\/wp-json\/wp\/v2\/users\/1"}],"replies":[{"embeddable":true,"href":"https:\/\/arealco.de\/index.php\/wp-json\/wp\/v2\/comments?post=1633"}],"version-history":[{"count":19,"href":"https:\/\/arealco.de\/index.php\/wp-json\/wp\/v2\/pages\/1633\/revisions"}],"predecessor-version":[{"id":2109,"href":"https:\/\/arealco.de\/index.php\/wp-json\/wp\/v2\/pages\/1633\/revisions\/2109"}],"wp:attachment":[{"href":"https:\/\/arealco.de\/index.php\/wp-json\/wp\/v2\/media?parent=1633"}],"curies":[{"name":"wp","href":"https:\/\/api.w.org\/{rel}","templated":true}]}}