{"id":1771,"date":"2025-04-10T10:01:59","date_gmt":"2025-04-10T10:01:59","guid":{"rendered":"http:\/\/arealco.de\/?page_id=1771"},"modified":"2025-04-10T10:02:57","modified_gmt":"2025-04-10T10:02:57","slug":"datenschutz","status":"publish","type":"page","link":"https:\/\/arealco.de\/index.php\/datenschutz\/","title":{"rendered":"Datenschutz"},"content":{"rendered":"\t\t<div data-elementor-type=\"wp-page\" data-elementor-id=\"1771\" class=\"elementor elementor-1771\" data-elementor-post-type=\"page\">\n\t\t\t\t<div class=\"elementor-element elementor-element-b3ed7d9 e-flex e-con-boxed e-con e-parent\" data-id=\"b3ed7d9\" data-element_type=\"container\" data-e-type=\"container\">\n\t\t\t\t\t<div class=\"e-con-inner\">\n\t\t\t\t<div class=\"elementor-element elementor-element-5b98acb elementor-widget elementor-widget-text-editor\" data-id=\"5b98acb\" data-element_type=\"widget\" data-e-type=\"widget\" data-widget_type=\"text-editor.default\">\n\t\t\t\t<div class=\"elementor-widget-container\">\n\t\t\t\t\t\t\t\t\t<div class=\"tatsu-section-pad clearfix\" data-padding=\"{&quot;d&quot;:&quot;90px 0px 90px 0px&quot;}\" data-padding-top=\"90px\"><div class=\"tatsu-row-wrap  tatsu-wrap tatsu-row-one-col tatsu-row-has-one-cols tatsu-medium-gutter tatsu-reg-cols  tatsu-clearfix tatsu-PeUEFz3sVa\"><div class=\"tatsu-row \"><div class=\"tatsu-column  tatsu-bg-overlay tatsu-one-col tatsu-column-image-none tatsu-column-effect-none  tatsu-0mlVvXqNf\" data-parallax-speed=\"0\"><div class=\"tatsu-column-inner \"><div class=\"tatsu-column-pad-wrap\"><div class=\"tatsu-column-pad\"><div class=\"tatsu-module tatsu-inline-text clearfix tatsu-pT7ZYOxXt   \"><div class=\"tatsu-inline-text-inner tatsu-align-center\"><h2>Datenschutz<\/h2>Die Betreiber dieser Seiten nehmen den Schutz Ihrer pers\u00f6nlichen Daten sehr ernst. Wir behandeln Ihre personenbezogenen Daten vertraulich und entsprechend der gesetzlichen Datenschutzvorschriften sowie dieser Datenschutzerkl\u00e4rung. Die Nutzung unserer Webseite ist in der Regel ohne Angabe personenbezogener Daten m\u00f6glich. Soweit auf unseren Seiten personenbezogene Daten (beispielsweise Name, Anschrift oder E-Mail-Adressen) erhoben werden, erfolgt dies, soweit m\u00f6glich, stets auf freiwilliger Basis. Diese Daten werden ohne Ihre ausdr\u00fcckliche Zustimmung nicht an Dritte weitergegeben. Wir weisen darauf hin, dass die Daten\u00fcbertragung im Internet (z.B. bei der Kommunikation per E-Mail) Sicherheitsl\u00fccken aufweisen kann. Ein l\u00fcckenloser Schutz der Daten vor dem Zugriff durch Dritte ist nicht m\u00f6glich.<h2>Kontaktformular<\/h2>Wenn Sie uns per Kontaktformular Anfragen zukommen lassen, werden Ihre Angaben aus dem Anfrageformular inklusive der von Ihnen dort angegebenen Kontaktdaten zwecks Bearbeitung der Anfrage und f\u00fcr den Fall von Anschlussfragen bei uns gespeichert. Diese Daten geben wir nicht ohne Ihre Einwilligung weiter.<h2>Newsletterdaten<\/h2>Wenn Sie den auf der Webseite angebotenen Newsletter beziehen m\u00f6chten, ben\u00f6tigen wir von Ihnen eine E-Mail-Adresse sowie Informationen, welche uns die \u00dcberpr\u00fcfung gestatten, dass Sie der Inhaber der angegebenen E-Mail-Adresse sind und mit dem Empfang des Newsletters einverstanden sind. Weitere Daten werden nicht erhoben. Diese Daten verwenden wir ausschlie\u00dflich f\u00fcr den Versand der angeforderten Informationen und geben sie nicht an Dritte weiter. Die erteilte Einwilligung zur Speicherung der Daten, der E-Mail-Adresse sowie deren Nutzung zum Versand des Newsletters k\u00f6nnen Sie jederzeit widerrufen , etwa \u00fcber den \u201eAustragen\u201c-Link im Newsletter. Quelle:\u00a0www.e-recht24.de<\/div><\/div><\/div><\/div><div class=\"tatsu-column-bg-image-wrap\"><div class=\"tatsu-column-bg-image\">\u00a0<\/div><\/div><div class=\"tatsu-overlay tatsu-column-overlay tatsu-animate-none\">\u00a0<\/div><\/div><\/div><\/div><\/div><\/div><div class=\"tatsu-section-background-wrap\"><div class=\"tatsu-section-background\">\u00a0<\/div><\/div>\t\t\t\t\t\t\t\t<\/div>\n\t\t\t\t<\/div>\n\t\t\t\t\t<\/div>\n\t\t\t\t<\/div>\n\t\t\t\t<\/div>\n\t\t","protected":false},"excerpt":{"rendered":"<p>Datenschutz Die Betreiber dieser Seiten nehmen den Schutz Ihrer pers\u00f6nlichen Daten sehr ernst&#8230;.<\/p>\n","protected":false},"author":1,"featured_media":0,"parent":0,"menu_order":0,"comment_status":"closed","ping_status":"closed","template":"","meta":{"footnotes":""},"class_list":["post-1771","page","type-page","status-publish","hentry"],"_links":{"self":[{"href":"https:\/\/arealco.de\/index.php\/wp-json\/wp\/v2\/pages\/1771","targetHints":{"allow":["GET"]}}],"collection":[{"href":"https:\/\/arealco.de\/index.php\/wp-json\/wp\/v2\/pages"}],"about":[{"href":"https:\/\/arealco.de\/index.php\/wp-json\/wp\/v2\/types\/page"}],"author":[{"embeddable":true,"href":"https:\/\/arealco.de\/index.php\/wp-json\/wp\/v2\/users\/1"}],"replies":[{"embeddable":true,"href":"https:\/\/arealco.de\/index.php\/wp-json\/wp\/v2\/comments?post=1771"}],"version-history":[{"count":4,"href":"https:\/\/arealco.de\/index.php\/wp-json\/wp\/v2\/pages\/1771\/revisions"}],"predecessor-version":[{"id":1775,"href":"https:\/\/arealco.de\/index.php\/wp-json\/wp\/v2\/pages\/1771\/revisions\/1775"}],"wp:attachment":[{"href":"https:\/\/arealco.de\/index.php\/wp-json\/wp\/v2\/media?parent=1771"}],"curies":[{"name":"wp","href":"https:\/\/api.w.org\/{rel}","templated":true}]}}