{"id":83,"date":"2021-05-30T12:07:31","date_gmt":"2021-05-30T12:07:31","guid":{"rendered":"https:\/\/xstore.8theme.com\/elementor\/demos\/real-estate\/?page_id=83"},"modified":"2025-05-07T16:57:15","modified_gmt":"2025-05-07T16:57:15","slug":"about-us","status":"publish","type":"page","link":"https:\/\/arealco.de\/index.php\/about-us\/","title":{"rendered":"\u00dcber uns"},"content":{"rendered":"\t\t<div data-elementor-type=\"wp-page\" data-elementor-id=\"83\" class=\"elementor elementor-83\" data-elementor-post-type=\"page\">\n\t\t\t\t\t\t<section class=\"elementor-section elementor-top-section elementor-element elementor-element-f4aaa92 elementor-section-content-middle elementor-section-stretched elementor-section-boxed elementor-section-height-default elementor-section-height-default\" data-id=\"f4aaa92\" data-element_type=\"section\" data-e-type=\"section\" data-settings=\"{&quot;stretch_section&quot;:&quot;section-stretched&quot;,&quot;background_background&quot;:&quot;classic&quot;}\">\n\t\t\t\t\t\t<div class=\"elementor-container elementor-column-gap-no\">\n\t\t\t\t\t<div class=\"elementor-column elementor-col-50 elementor-top-column elementor-element elementor-element-bb49bae\" data-id=\"bb49bae\" data-element_type=\"column\" data-e-type=\"column\">\n\t\t\t<div class=\"elementor-widget-wrap elementor-element-populated\">\n\t\t\t\t\t\t<div class=\"elementor-element elementor-element-3e5f8c1 elementor-widget elementor-widget-heading\" data-id=\"3e5f8c1\" data-element_type=\"widget\" data-e-type=\"widget\" data-widget_type=\"heading.default\">\n\t\t\t\t<div class=\"elementor-widget-container\">\n\t\t\t\t\t<h3 class=\"elementor-heading-title elementor-size-default\">Arealco e.k. - Abraham Real Estate Consulting<\/h3>\t\t\t\t<\/div>\n\t\t\t\t<\/div>\n\t\t\t\t<div class=\"elementor-element elementor-element-2b0f019 elementor-widget elementor-widget-text-editor\" data-id=\"2b0f019\" data-element_type=\"widget\" data-e-type=\"widget\" data-widget_type=\"text-editor.default\">\n\t\t\t\t<div class=\"elementor-widget-container\">\n\t\t\t\t\t\t\t\t\t<p>Durch unsere jahrelange Erfahrung im Immobiliengesch\u00e4ft sind wir der perfekte Ansprechpartner f\u00fcr Sie um eine Immobilie bewerten zu k\u00f6nnen. Diese professionelle und seri\u00f6se Leistung wird kostenfrei von uns angeboten. Wir freuen uns auf Ihre Kontaktaufnahme.<\/p>\t\t\t\t\t\t\t\t<\/div>\n\t\t\t\t<\/div>\n\t\t\t\t<div class=\"elementor-element elementor-element-bb3aa5a etheme-elementor-widget-loaded elementor-widget elementor-widget-button\" data-id=\"bb3aa5a\" data-element_type=\"widget\" data-e-type=\"widget\" data-widget_type=\"button.default\">\n\t\t\t\t<div class=\"elementor-widget-container\">\n\t\t\t\t\t\t\t\t\t<div class=\"elementor-button-wrapper\">\n\t\t\t\t\t<a class=\"elementor-button elementor-button-link elementor-size-sm\" href=\"#\">\n\t\t\t\t\t\t<span class=\"elementor-button-content-wrapper\">\n\t\t\t\t\t\t\t\t\t<span class=\"elementor-button-text\">Kontektieren Sie Uns<\/span>\n\t\t\t\t\t<\/span>\n\t\t\t\t\t<\/a>\n\t\t\t\t<\/div>\n\t\t\t\t\t\t\t\t<\/div>\n\t\t\t\t<\/div>\n\t\t\t\t<section class=\"elementor-section elementor-inner-section elementor-element elementor-element-4cb488b elementor-section-boxed elementor-section-height-default elementor-section-height-default\" data-id=\"4cb488b\" data-element_type=\"section\" data-e-type=\"section\">\n\t\t\t\t\t\t<div class=\"elementor-container elementor-column-gap-no\">\n\t\t\t\t\t<div class=\"elementor-column elementor-col-33 elementor-inner-column elementor-element elementor-element-292aae9\" data-id=\"292aae9\" data-element_type=\"column\" data-e-type=\"column\">\n\t\t\t<div class=\"elementor-widget-wrap elementor-element-populated\">\n\t\t\t\t\t\t<div class=\"elementor-element elementor-element-304b163 elementor-position-left elementor-vertical-align-middle elementor-widget elementor-widget-image-box\" data-id=\"304b163\" data-element_type=\"widget\" data-e-type=\"widget\" data-widget_type=\"image-box.default\">\n\t\t\t\t<div class=\"elementor-widget-container\">\n\t\t\t\t\t<div class=\"elementor-image-box-wrapper\"><figure class=\"elementor-image-box-img\"><img loading=\"lazy\" loading=\"lazy\" decoding=\"async\" width=\"52\" height=\"54\" src=\"https:\/\/arealco.de\/wp-content\/uploads\/2021\/05\/Icon.jpg\" class=\"attachment-full size-full wp-image-96\" alt=\"\" \/><\/figure><div class=\"elementor-image-box-content\"><h3 class=\"elementor-image-box-title\">News Blog<\/h3><\/div><\/div>\t\t\t\t<\/div>\n\t\t\t\t<\/div>\n\t\t\t\t\t<\/div>\n\t\t<\/div>\n\t\t\t\t<div class=\"elementor-column elementor-col-33 elementor-inner-column elementor-element elementor-element-411f8fe\" data-id=\"411f8fe\" data-element_type=\"column\" data-e-type=\"column\">\n\t\t\t<div class=\"elementor-widget-wrap elementor-element-populated\">\n\t\t\t\t\t\t<div class=\"elementor-element elementor-element-7cebfa8 elementor-position-left elementor-vertical-align-middle elementor-widget elementor-widget-image-box\" data-id=\"7cebfa8\" data-element_type=\"widget\" data-e-type=\"widget\" data-widget_type=\"image-box.default\">\n\t\t\t\t<div class=\"elementor-widget-container\">\n\t\t\t\t\t<div class=\"elementor-image-box-wrapper\"><figure class=\"elementor-image-box-img\"><img loading=\"lazy\" loading=\"lazy\" decoding=\"async\" width=\"50\" height=\"50\" src=\"https:\/\/arealco.de\/wp-content\/uploads\/2021\/05\/Icon-1.jpg\" class=\"attachment-full size-full wp-image-93\" alt=\"\" \/><\/figure><div class=\"elementor-image-box-content\"><h3 class=\"elementor-image-box-title\">Our Service<\/h3><\/div><\/div>\t\t\t\t<\/div>\n\t\t\t\t<\/div>\n\t\t\t\t\t<\/div>\n\t\t<\/div>\n\t\t\t\t<div class=\"elementor-column elementor-col-33 elementor-inner-column elementor-element elementor-element-7a96603\" data-id=\"7a96603\" data-element_type=\"column\" data-e-type=\"column\">\n\t\t\t<div class=\"elementor-widget-wrap elementor-element-populated\">\n\t\t\t\t\t\t<div class=\"elementor-element elementor-element-776b6e5 elementor-position-left elementor-vertical-align-middle elementor-widget elementor-widget-image-box\" data-id=\"776b6e5\" data-element_type=\"widget\" data-e-type=\"widget\" data-widget_type=\"image-box.default\">\n\t\t\t\t<div class=\"elementor-widget-container\">\n\t\t\t\t\t<div class=\"elementor-image-box-wrapper\"><figure class=\"elementor-image-box-img\"><img loading=\"lazy\" loading=\"lazy\" decoding=\"async\" width=\"54\" height=\"52\" src=\"https:\/\/arealco.de\/wp-content\/uploads\/2021\/05\/XMLID-4221.jpg\" class=\"attachment-full size-full wp-image-107\" alt=\"\" \/><\/figure><div class=\"elementor-image-box-content\"><h3 class=\"elementor-image-box-title\">Contact Us<\/h3><\/div><\/div>\t\t\t\t<\/div>\n\t\t\t\t<\/div>\n\t\t\t\t\t<\/div>\n\t\t<\/div>\n\t\t\t\t\t<\/div>\n\t\t<\/section>\n\t\t\t\t\t<\/div>\n\t\t<\/div>\n\t\t\t\t<div class=\"elementor-column elementor-col-50 elementor-top-column elementor-element elementor-element-02d0889\" data-id=\"02d0889\" data-element_type=\"column\" data-e-type=\"column\">\n\t\t\t<div class=\"elementor-widget-wrap elementor-element-populated\">\n\t\t\t\t\t\t<div class=\"elementor-element elementor-element-e54308d elementor-widget elementor-widget-image\" data-id=\"e54308d\" data-element_type=\"widget\" data-e-type=\"widget\" data-widget_type=\"image.default\">\n\t\t\t\t<div class=\"elementor-widget-container\">\n\t\t\t\t\t\t\t\t\t\t\t\t\t\t\t<img loading=\"lazy\" loading=\"lazy\" decoding=\"async\" width=\"585\" height=\"435\" src=\"https:\/\/arealco.de\/wp-content\/uploads\/2021\/05\/Box.jpg\" class=\"attachment-full size-full wp-image-92\" alt=\"\" \/>\t\t\t\t\t\t\t\t\t\t\t\t\t\t\t<\/div>\n\t\t\t\t<\/div>\n\t\t\t\t\t<\/div>\n\t\t<\/div>\n\t\t\t\t\t<\/div>\n\t\t<\/section>\n\t\t<div class=\"elementor-element elementor-element-1b45b062 e-flex e-con-boxed elementor-invisible e-con e-parent\" data-id=\"1b45b062\" data-element_type=\"container\" data-e-type=\"container\" data-settings=\"{&quot;animation&quot;:&quot;fadeIn&quot;}\">\n\t\t\t\t\t<div class=\"e-con-inner\">\n\t\t\t\t<div class=\"elementor-element elementor-element-7c6d9756 elementor-widget elementor-widget-counter\" data-id=\"7c6d9756\" data-element_type=\"widget\" data-e-type=\"widget\" data-widget_type=\"counter.default\">\n\t\t\t\t<div class=\"elementor-widget-container\">\n\t\t\t\t\t\t\t<div class=\"elementor-counter\">\n\t\t\t<div class=\"elementor-counter-title\">Jahre Erfahrung<\/div>\t\t\t<div class=\"elementor-counter-number-wrapper\">\n\t\t\t\t<span class=\"elementor-counter-number-prefix\"><\/span>\n\t\t\t\t<span class=\"elementor-counter-number\" data-duration=\"2000\" data-to-value=\"20\" data-from-value=\"0\" data-delimiter=\",\">0<\/span>\n\t\t\t\t<span class=\"elementor-counter-number-suffix\">+<\/span>\n\t\t\t<\/div>\n\t\t<\/div>\n\t\t\t\t\t\t<\/div>\n\t\t\t\t<\/div>\n\t\t\t\t<div class=\"elementor-element elementor-element-754bb49b elementor-widget elementor-widget-counter\" data-id=\"754bb49b\" data-element_type=\"widget\" data-e-type=\"widget\" data-widget_type=\"counter.default\">\n\t\t\t\t<div class=\"elementor-widget-container\">\n\t\t\t\t\t\t\t<div class=\"elementor-counter\">\n\t\t\t<div class=\"elementor-counter-title\">Wohnungen verf\u00fcgbar<\/div>\t\t\t<div class=\"elementor-counter-number-wrapper\">\n\t\t\t\t<span class=\"elementor-counter-number-prefix\"><\/span>\n\t\t\t\t<span class=\"elementor-counter-number\" data-duration=\"2000\" data-to-value=\"30\" data-from-value=\"0\" data-delimiter=\",\">0<\/span>\n\t\t\t\t<span class=\"elementor-counter-number-suffix\">+<\/span>\n\t\t\t<\/div>\n\t\t<\/div>\n\t\t\t\t\t\t<\/div>\n\t\t\t\t<\/div>\n\t\t\t\t<div class=\"elementor-element elementor-element-5e526ffb elementor-widget elementor-widget-counter\" data-id=\"5e526ffb\" data-element_type=\"widget\" data-e-type=\"widget\" data-widget_type=\"counter.default\">\n\t\t\t\t<div class=\"elementor-widget-container\">\n\t\t\t\t\t\t\t<div class=\"elementor-counter\">\n\t\t\t<div class=\"elementor-counter-title\">Vertrauensw\u00fcrdige Partner<\/div>\t\t\t<div class=\"elementor-counter-number-wrapper\">\n\t\t\t\t<span class=\"elementor-counter-number-prefix\"><\/span>\n\t\t\t\t<span class=\"elementor-counter-number\" data-duration=\"2000\" data-to-value=\"10\" data-from-value=\"0\" data-delimiter=\",\">0<\/span>\n\t\t\t\t<span class=\"elementor-counter-number-suffix\">+<\/span>\n\t\t\t<\/div>\n\t\t<\/div>\n\t\t\t\t\t\t<\/div>\n\t\t\t\t<\/div>\n\t\t\t\t<div class=\"elementor-element elementor-element-159f17a1 elementor-widget elementor-widget-counter\" data-id=\"159f17a1\" data-element_type=\"widget\" data-e-type=\"widget\" data-widget_type=\"counter.default\">\n\t\t\t\t<div class=\"elementor-widget-container\">\n\t\t\t\t\t\t\t<div class=\"elementor-counter\">\n\t\t\t<div class=\"elementor-counter-title\">Zufriedene Kunden<\/div>\t\t\t<div class=\"elementor-counter-number-wrapper\">\n\t\t\t\t<span class=\"elementor-counter-number-prefix\"><\/span>\n\t\t\t\t<span class=\"elementor-counter-number\" data-duration=\"2000\" data-to-value=\"1000\" data-from-value=\"0\" data-delimiter=\",\">0<\/span>\n\t\t\t\t<span class=\"elementor-counter-number-suffix\">+<\/span>\n\t\t\t<\/div>\n\t\t<\/div>\n\t\t\t\t\t\t<\/div>\n\t\t\t\t<\/div>\n\t\t\t\t\t<\/div>\n\t\t\t\t<\/div>\n\t\t<div class=\"elementor-element elementor-element-73be90e e-flex e-con-boxed e-con e-parent\" data-id=\"73be90e\" data-element_type=\"container\" data-e-type=\"container\">\n\t\t\t\t\t<div class=\"e-con-inner\">\n\t\t\t\t<div class=\"elementor-element elementor-element-e5083c5 elementor-widget elementor-widget-spacer\" data-id=\"e5083c5\" data-element_type=\"widget\" data-e-type=\"widget\" data-widget_type=\"spacer.default\">\n\t\t\t\t<div class=\"elementor-widget-container\">\n\t\t\t\t\t\t\t<div class=\"elementor-spacer\">\n\t\t\t<div class=\"elementor-spacer-inner\"><\/div>\n\t\t<\/div>\n\t\t\t\t\t\t<\/div>\n\t\t\t\t<\/div>\n\t\t\t\t\t<\/div>\n\t\t\t\t<\/div>\n\t\t\t\t<section class=\"elementor-section elementor-top-section elementor-element elementor-element-f21ffa0 elementor-section-full_width elementor-section-content-middle elementor-section-stretched elementor-section-height-default elementor-section-height-default\" data-id=\"f21ffa0\" data-element_type=\"section\" data-e-type=\"section\" data-settings=\"{&quot;stretch_section&quot;:&quot;section-stretched&quot;,&quot;background_background&quot;:&quot;classic&quot;}\">\n\t\t\t\t\t\t<div class=\"elementor-container elementor-column-gap-no\">\n\t\t\t\t\t<div class=\"elementor-column elementor-col-50 elementor-top-column elementor-element elementor-element-0960cb5\" data-id=\"0960cb5\" data-element_type=\"column\" data-e-type=\"column\" data-settings=\"{&quot;background_background&quot;:&quot;classic&quot;}\">\n\t\t\t<div class=\"elementor-widget-wrap elementor-element-populated\">\n\t\t\t\t\t\t<div class=\"elementor-element elementor-element-22843b8 elementor-widget elementor-widget-spacer\" data-id=\"22843b8\" data-element_type=\"widget\" data-e-type=\"widget\" data-widget_type=\"spacer.default\">\n\t\t\t\t<div class=\"elementor-widget-container\">\n\t\t\t\t\t\t\t<div class=\"elementor-spacer\">\n\t\t\t<div class=\"elementor-spacer-inner\"><\/div>\n\t\t<\/div>\n\t\t\t\t\t\t<\/div>\n\t\t\t\t<\/div>\n\t\t\t\t\t<\/div>\n\t\t<\/div>\n\t\t\t\t<div class=\"elementor-column elementor-col-50 elementor-top-column elementor-element elementor-element-01f245f\" data-id=\"01f245f\" data-element_type=\"column\" data-e-type=\"column\">\n\t\t\t<div class=\"elementor-widget-wrap elementor-element-populated\">\n\t\t\t\t\t\t<div class=\"elementor-element elementor-element-aca783b elementor-widget elementor-widget-heading\" data-id=\"aca783b\" data-element_type=\"widget\" data-e-type=\"widget\" data-widget_type=\"heading.default\">\n\t\t\t\t<div class=\"elementor-widget-container\">\n\t\t\t\t\t<h2 class=\"elementor-heading-title elementor-size-default\">Unsere Vorteile<\/h2>\t\t\t\t<\/div>\n\t\t\t\t<\/div>\n\t\t\t\t<div class=\"elementor-element elementor-element-2e7b06b elementor-widget elementor-widget-text-editor\" data-id=\"2e7b06b\" data-element_type=\"widget\" data-e-type=\"widget\" data-widget_type=\"text-editor.default\">\n\t\t\t\t<div class=\"elementor-widget-container\">\n\t\t\t\t\t\t\t\t\t<p>Sie m\u00fcssen sich zum Beispiel bei Vermietung nicht mit unterschiedlichen Ansprechpartnern bei Hausverwaltungen, Vermietern, Handwerkern und Beh\u00f6rden auseinandersetzen. Bei der zeitaufwendigen Wohnungssuche k\u00f6nnen Sie sich auf unseren schnellstm\u00f6glichen und pers\u00f6nlich zugeschnittenen Wohnraumservice verlassen.<\/p><p>Der Kunde wird von uns bei jeder Besichtigung begleitet, gegebenenfalls auf Wunsch auch abgeholt. Dieser Besichtigung geht eine eingehende Beratung, abgestimmt auf die vorgegebenen Suchkriterien, voraus. Hierbei soll der Kunde bei Bedarf auch in die aktuelle Marktlage und in die \u00f6rtlichen M\u00f6glichkeiten eingef\u00fchrt werden.<\/p><p>Bei der Besichtigung stehen wir Ihnen beratend zur Seite. Wir f\u00fchren f\u00fcr Sie und mit Ihnen die Vertragsverhandlungen. Dabei bieten wir bei Bedarf die Hinzuziehung und Vermittlung von versierten Fachleuten f\u00fcr gutachterliche und architektonische \u2013 sowie f\u00fcr Renovierungsfragen an.<\/p>\t\t\t\t\t\t\t\t<\/div>\n\t\t\t\t<\/div>\n\t\t\t\t\t<\/div>\n\t\t<\/div>\n\t\t\t\t\t<\/div>\n\t\t<\/section>\n\t\t\t\t<section class=\"elementor-section elementor-top-section elementor-element elementor-element-33300da elementor-section-full_width elementor-section-content-middle elementor-section-stretched elementor-section-height-default elementor-section-height-default\" data-id=\"33300da\" data-element_type=\"section\" data-e-type=\"section\" data-settings=\"{&quot;stretch_section&quot;:&quot;section-stretched&quot;,&quot;background_background&quot;:&quot;classic&quot;}\">\n\t\t\t\t\t\t<div class=\"elementor-container elementor-column-gap-no\">\n\t\t\t\t\t<div class=\"elementor-column elementor-col-50 elementor-top-column elementor-element elementor-element-5cec104\" data-id=\"5cec104\" data-element_type=\"column\" data-e-type=\"column\">\n\t\t\t<div class=\"elementor-widget-wrap elementor-element-populated\">\n\t\t\t\t\t\t<div class=\"elementor-element elementor-element-42ba399 elementor-widget elementor-widget-heading\" data-id=\"42ba399\" data-element_type=\"widget\" data-e-type=\"widget\" data-widget_type=\"heading.default\">\n\t\t\t\t<div class=\"elementor-widget-container\">\n\t\t\t\t\t<h2 class=\"elementor-heading-title elementor-size-default\">Das bedeutet im einzeln<\/h2>\t\t\t\t<\/div>\n\t\t\t\t<\/div>\n\t\t\t\t<div class=\"elementor-element elementor-element-07966e3 elementor-widget elementor-widget-text-editor\" data-id=\"07966e3\" data-element_type=\"widget\" data-e-type=\"widget\" data-widget_type=\"text-editor.default\">\n\t\t\t\t<div class=\"elementor-widget-container\">\n\t\t\t\t\t\t\t\t\t<div class=\"elementor-element elementor-element-55781c7 elementor-widget elementor-widget-text-editor\" data-id=\"55781c7\" data-element_type=\"widget\" data-widget_type=\"text-editor.default\"><div class=\"elementor-widget-container\"><p>Die Wohnungs\u00fcbergabe wird von uns kompetent begleitet. Unter anderem wird die Ablesung und Anmeldung der Energiez\u00e4hlerst\u00e4nde und des Telefonanschlusses von uns besorgt sowie f\u00fcr ausl\u00e4ndische Kunden alle weiteren beh\u00f6rdlichen Anmeldeformalit\u00e4ten.Der Kunde wird von uns bei jeder Besichtigung begleitet, gegebenenfalls auf Wunsch auch abgeholt. Dieser Besichtigung geht eine eingehende Beratung, abgestimmt auf die vorgegebenen Suchkriterien, voraus. Hierbei soll der Kunde bei Bedarf auch in die aktuelle Marktlage und in die \u00f6rtlichen M\u00f6glichkeiten eingef\u00fchrt werden.<\/p><\/div><\/div><div class=\"elementor-element elementor-element-6458e63 elementor-widget elementor-widget-text-editor\" data-id=\"6458e63\" data-element_type=\"widget\" data-widget_type=\"text-editor.default\"><div class=\"elementor-widget-container\"><p>Bei der Besichtigung stehen wir Ihnen beratend zur Seite. Wir f\u00fchren f\u00fcr Sie und mit Ihnen die Vertragsverhandlungen. Dabei bieten wir bei Bedarf die Hinzuziehung und Vermittlung von versierten Fachleuten f\u00fcr gutachterliche und architektonische \u2013 sowie f\u00fcr Renovierungsfragen an.<\/p><\/div><\/div><div class=\"elementor-element elementor-element-ca29b04 elementor-widget elementor-widget-text-editor\" data-id=\"ca29b04\" data-element_type=\"widget\" data-widget_type=\"text-editor.default\"><div class=\"elementor-widget-container\"><p>Die Wohnungs\u00fcbergabe wird von uns kompetent begleitet. Unter anderem wird die Ablesung und Anmeldung der Energiez\u00e4hlerst\u00e4nde und des Telefonanschlusses von uns besorgt sowie f\u00fcr ausl\u00e4ndische Kunden alle weiteren beh\u00f6rdlichen Anmeldeformalit\u00e4ten.<\/p><\/div><\/div>\t\t\t\t\t\t\t\t<\/div>\n\t\t\t\t<\/div>\n\t\t\t\t\t<\/div>\n\t\t<\/div>\n\t\t\t\t<div class=\"elementor-column elementor-col-50 elementor-top-column elementor-element elementor-element-ac7e779\" data-id=\"ac7e779\" data-element_type=\"column\" data-e-type=\"column\" data-settings=\"{&quot;background_background&quot;:&quot;classic&quot;}\">\n\t\t\t<div class=\"elementor-widget-wrap elementor-element-populated\">\n\t\t\t\t\t\t<div class=\"elementor-element elementor-element-d137089 elementor-widget elementor-widget-spacer\" data-id=\"d137089\" data-element_type=\"widget\" data-e-type=\"widget\" data-widget_type=\"spacer.default\">\n\t\t\t\t<div class=\"elementor-widget-container\">\n\t\t\t\t\t\t\t<div class=\"elementor-spacer\">\n\t\t\t<div class=\"elementor-spacer-inner\"><\/div>\n\t\t<\/div>\n\t\t\t\t\t\t<\/div>\n\t\t\t\t<\/div>\n\t\t\t\t\t<\/div>\n\t\t<\/div>\n\t\t\t\t\t<\/div>\n\t\t<\/section>\n\t\t\t\t<section class=\"elementor-section elementor-top-section elementor-element elementor-element-09db9fd elementor-section-boxed elementor-section-height-default elementor-section-height-default\" data-id=\"09db9fd\" data-element_type=\"section\" data-e-type=\"section\">\n\t\t\t\t\t\t<div class=\"elementor-container elementor-column-gap-no\">\n\t\t\t\t\t<div class=\"elementor-column elementor-col-100 elementor-top-column elementor-element elementor-element-302b3d2\" data-id=\"302b3d2\" data-element_type=\"column\" data-e-type=\"column\">\n\t\t\t<div class=\"elementor-widget-wrap elementor-element-populated\">\n\t\t\t\t\t\t<div class=\"elementor-element elementor-element-d7f5217 elementor-widget elementor-widget-heading\" data-id=\"d7f5217\" data-element_type=\"widget\" data-e-type=\"widget\" data-widget_type=\"heading.default\">\n\t\t\t\t<div class=\"elementor-widget-container\">\n\t\t\t\t\t<h2 class=\"elementor-heading-title elementor-size-default\">Unser Team<\/h2>\t\t\t\t<\/div>\n\t\t\t\t<\/div>\n\t\t\t\t<section class=\"elementor-section elementor-inner-section elementor-element elementor-element-88f45ec elementor-section-boxed elementor-section-height-default elementor-section-height-default\" data-id=\"88f45ec\" data-element_type=\"section\" data-e-type=\"section\">\n\t\t\t\t\t\t<div class=\"elementor-container elementor-column-gap-no\">\n\t\t\t\t\t<div class=\"elementor-column elementor-col-100 elementor-inner-column elementor-element elementor-element-667bb6a\" data-id=\"667bb6a\" data-element_type=\"column\" data-e-type=\"column\">\n\t\t\t<div class=\"elementor-widget-wrap elementor-element-populated\">\n\t\t\t\t\t\t<div class=\"elementor-element elementor-element-f12dbbd elementor-widget elementor-widget-team_member\" data-id=\"f12dbbd\" data-element_type=\"widget\" data-e-type=\"widget\" data-widget_type=\"team_member.default\">\n\t\t\t\t<div class=\"elementor-widget-container\">\n\t\t\t\t\t\n\t\t<div class=\"team-member  team-member-917 member-type-1 image-position-left et_image-with-hover et_image-hover-2\">\n\n\t        \n\t\t            <div class=\"member-image\">\n\t\t                <img loading=\"lazy\" loading=\"lazy\" decoding=\"async\" width=\"150\" height=\"150\" src=\"https:\/\/arealco.de\/wp-content\/uploads\/xstore\/xstore-placeholder-1x1.png\" data-src=\"https:\/\/arealco.de\/wp-content\/uploads\/2025\/04\/ja-650x650-1-150x150.jpg\" class=\" lazyload lazyload-simple et-lazyload-fadeIn\" alt=\"\" src=\"https:\/\/arealco.de\/wp-content\/uploads\/xstore\/xstore-placeholder-1x1.png\" data-srcset=\"https:\/\/arealco.de\/wp-content\/uploads\/2025\/04\/ja-650x650-1-150x150.jpg 150w, https:\/\/arealco.de\/wp-content\/uploads\/2025\/04\/ja-650x650-1-300x300.jpg 300w, https:\/\/arealco.de\/wp-content\/uploads\/2025\/04\/ja-650x650-1-600x600.jpg 600w, https:\/\/arealco.de\/wp-content\/uploads\/2025\/04\/ja-650x650-1-100x100.jpg 100w, https:\/\/arealco.de\/wp-content\/uploads\/2025\/04\/ja-650x650-1-1x1.jpg 1w, https:\/\/arealco.de\/wp-content\/uploads\/2025\/04\/ja-650x650-1-10x10.jpg 10w, https:\/\/arealco.de\/wp-content\/uploads\/2025\/04\/ja-650x650-1.jpg 650w\" data-sizes=\"(max-width: 150px) 100vw, 150px\" \/>\t\t                <div class=\"member-content\">\n\t\t                    \t\t                <\/div>\n\t\t            <\/div>\n\n\t            \t<div class=\"clear\"><\/div>\n\n\t            \n\t\t\t        <div class=\"member-details text-center\">\n\n\t\t\t        \t<h4 class=\"member-name\">Jacob Abraham<\/h4><h5 class=\"member-position\">CEO und Gr\u00fcnder<\/h5>\n        <div class=\"et-follow-buttons buttons-size-normal justify-content-center follow-125\">\n\n                                    <a href=\"#\" class=\"follow-facebook\" target=\"_blank\" rel=\"nofollow\">\n                            <i class=\"et-icon et-facebook\"><\/i>\n                                                            <span class=\"screen-reader-text\">Facebook<\/span>\n                                                    <\/a>\n                                            <a href=\"#\" class=\"follow-twitter\" target=\"_blank\" rel=\"nofollow\">\n                            <i class=\"et-icon et-twitter\"><\/i>\n                                                            <span class=\"screen-reader-text\">Twitter<\/span>\n                                                    <\/a>\n                                            <a href=\"#\" class=\"follow-instagram\" target=\"_blank\" rel=\"nofollow\">\n                            <i class=\"et-icon et-instagram\"><\/i>\n                                                            <span class=\"screen-reader-text\">Instagram<\/span>\n                                                    <\/a>\n                                            <a href=\"skype:#?chat\" class=\"follow-skype\" target=\"_blank\" rel=\"nofollow\">\n                            <i class=\"et-icon et-skype\"><\/i>\n                                                            <span class=\"screen-reader-text\">Skype<\/span>\n                                                    <\/a>\n                    \n        <\/div>\n\n        <div class=\"member-content\"><\/div>\n\t\t\t    \t<\/div>\n\n\t\t        \n\t   \t<\/div>\n\n\t    \t\t\t\t<\/div>\n\t\t\t\t<\/div>\n\t\t\t\t\t<\/div>\n\t\t<\/div>\n\t\t\t\t\t<\/div>\n\t\t<\/section>\n\t\t\t\t\t<\/div>\n\t\t<\/div>\n\t\t\t\t\t<\/div>\n\t\t<\/section>\n\t\t\t\t<\/div>\n\t\t","protected":false},"excerpt":{"rendered":"<p>Arealco e.k. &#8211; Abraham Real Estate Consulting Durch unsere jahrelange Erfahrung im Immobiliengesch\u00e4ft&#8230;<\/p>\n","protected":false},"author":1,"featured_media":0,"parent":0,"menu_order":0,"comment_status":"closed","ping_status":"closed","template":"","meta":{"footnotes":""},"class_list":["post-83","page","type-page","status-publish","hentry"],"_links":{"self":[{"href":"https:\/\/arealco.de\/index.php\/wp-json\/wp\/v2\/pages\/83","targetHints":{"allow":["GET"]}}],"collection":[{"href":"https:\/\/arealco.de\/index.php\/wp-json\/wp\/v2\/pages"}],"about":[{"href":"https:\/\/arealco.de\/index.php\/wp-json\/wp\/v2\/types\/page"}],"author":[{"embeddable":true,"href":"https:\/\/arealco.de\/index.php\/wp-json\/wp\/v2\/users\/1"}],"replies":[{"embeddable":true,"href":"https:\/\/arealco.de\/index.php\/wp-json\/wp\/v2\/comments?post=83"}],"version-history":[{"count":34,"href":"https:\/\/arealco.de\/index.php\/wp-json\/wp\/v2\/pages\/83\/revisions"}],"predecessor-version":[{"id":2078,"href":"https:\/\/arealco.de\/index.php\/wp-json\/wp\/v2\/pages\/83\/revisions\/2078"}],"wp:attachment":[{"href":"https:\/\/arealco.de\/index.php\/wp-json\/wp\/v2\/media?parent=83"}],"curies":[{"name":"wp","href":"https:\/\/api.w.org\/{rel}","templated":true}]}}